{"id":1202,"date":"2022-01-12T13:36:20","date_gmt":"2022-01-12T12:36:20","guid":{"rendered":"https:\/\/mg-par.cat\/politica-privacidad\/"},"modified":"2026-02-27T14:16:01","modified_gmt":"2026-02-27T13:16:01","slug":"politica-privacidad","status":"publish","type":"page","link":"https:\/\/mg-par.cat\/es\/politica-privacidad\/","title":{"rendered":"\u200ePol\u00edtica de privacidad y Aviso Legal\u200e"},"content":{"rendered":"<div class=\"wpb-content-wrapper\"><p>[vc_row][vc_column][vc_custom_heading text=\u00bb\u200ePol\u00edtica de privacidad y Aviso Legal\u200e\u00bb font_container=\u00bbtag:h1|text_align:center|color:%230a0a0a\u00bb use_theme_fonts=\u00bbyes\u00bb el_class=\u00bbMLH_H1&#8243;][vc_column_text css=\u00bb\u00bb css_params=\u00bb\u00bb]<\/p>\n<h2><strong> \u200ePOL\u00cdTICA DE PRIVACIDAD\u200e<\/strong><\/h2>\n<p>\u200eEn cumplimiento del REGLAMENTO (UE) 2016\/679 DEL PARLAMENTO EUROPEO Y DEL CONSEJO de 27 de Abril de 2016, relativo a la protecci\u00f3n de las personas f\u00edsicas con respecto al tratamiento de datos personales y a la libre circulaci\u00f3n de estos datos y a Ley Org\u00e1nica 3\/2018, de 5 de diciembre, de Protecci\u00f3n de Datos Personales y garant\u00eda de los derechos digitales, le informamos que los datos personales proporcionados por usted a trav\u00e9s del sitio web mg-par.cat (en adelante el sitio web), ser\u00e1n tratados en los siguientes t\u00e9rminos:\u200e<\/p>\n<h3><strong>Responsable <\/strong><strong>\u200edel tratamiento\u200e<\/strong><\/h3>\n<p>Los datos personales recogidos a trav\u00e9s de este sitio web ser\u00e1n tratados por MG-PAR RUBI GESTIO S.L., con domicilio para el ejercicio de derechos en CL. MONTSERRAT, 15 &#8211; 08191 RUB\u00cd (Barcelona).  E-mail: despatx@mg-par.cat.<\/p>\n<h3><strong>\u200eFinalidades del tratamiento\u200e<\/strong><\/h3>\n<ul>\n<li>\u200eMantenerlo informado sobre nuestros productos y servicios, cuando as\u00ed nos lo solicite a trav\u00e9s de los formularios del sitio web o por correo electr\u00f3nico.\u200e<\/li>\n<li>\u200eDar respuesta y gestionar sus consultas, comentarios y sugerencias, en su caso.\u200e<\/li>\n<li>\u200eGestionar su participaci\u00f3n en presentes y futuros procesos de selecci\u00f3n, en caso de que nos haga llegar sus datos (incluido su curr\u00edculum) con esta finalidad.\u200e<\/li>\n<li>\u200eObtener informaci\u00f3n sobre el uso del sitio web, analizando el n\u00famero de p\u00e1ginas visitadas, el n\u00famero de visitas, as\u00ed como la actividad de los visitantes y su frecuencia de uso.\u200e \u200ePara tal efecto, el RESPONSABLE utiliza informaci\u00f3n estad\u00edstica elaborada por el Proveedor de Servicios de Internet que no permite la identificaci\u00f3n del interesado en ning\u00fan momento.\u200e<\/li>\n<\/ul>\n<h3><strong>\u200eLegitimaci\u00f3n\u200e<\/strong><\/h3>\n<p><strong>Consentimiento.<\/strong> \u200eLos datos personales obtenidos a trav\u00e9s de los formularios del sitio web ser\u00e1n tratados \u00fanicamente en base al consentimiento otorgado por el interesado, a trav\u00e9s de la aceptaci\u00f3n de la casilla dispuesta para tal fin.\u200e \u200eEste consentimiento puede ser retirado en cualquier momento.\u200e<\/p>\n<p><strong>\u200eInter\u00e9s leg\u00edtimo del responsable\u200e.<\/strong> \u200eLa informaci\u00f3n estad\u00edstica obtenida del sitio web ser\u00e1 tratada sobre la base del inter\u00e9s leg\u00edtimo del responsable.\u200e \u200eEsta informaci\u00f3n no permite identificar al usuario.\u200e<\/p>\n<h3><strong>\u200eDestinatarios\u200e<\/strong><\/h3>\n<p>\u200eLos datos personales obtenidos a trav\u00e9s del sitio web no ser\u00e1n comunicados a terceros, excepto obligaci\u00f3n legal.\u200e<\/p>\n<h3><strong>\u200eConservaci\u00f3n\u200e<\/strong><\/h3>\n<p>\u200eLos datos personales facilitados por el usuario para recibir comunicaciones comerciales, ser\u00e1n conservados mientras el interesado no solicite su supresi\u00f3n o retire su consentimiento.\u200e<\/p>\n<p>\u200eCuando el usuario env\u00ede sus datos personales para participar en procesos de selecci\u00f3n del RESPONSABLE, los datos ser\u00e1n tratados para participar en los procesos de selecci\u00f3n abiertos en ese momento., En caso de que su candidatura no resulte seleccionada, se conservar\u00e1n sus datos durante un periodo de dos a\u00f1os con la finalidad de poder contar con su participaci\u00f3n en futuros procesos de selecci\u00f3n.\u200e<\/p>\n<p>\u200eCuando el usuario env\u00ede sus datos para contactar con el RESPONSABLE, realizar consultas o sugerencias, los datos se conservar\u00e1n mientras sean necesarios para tal fin y puedan derivarse responsabilidades del tratamiento realizado.\u200e<\/p>\n<p>\u200eLos datos estad\u00edsticos derivados del an\u00e1lisis del tr\u00e1fico y visitas a nuestro sitio web ser\u00e1n conservados durante un plazo de tres a\u00f1os.\u200e<\/p>\n<h3><strong>\u200eDerechos\u200e<\/strong><\/h3>\n<p>Puede ejercitar los derechos de acceso, rectificaci\u00f3n, supresi\u00f3n y portabilidad de sus datos, de limitaci\u00f3n y oposici\u00f3n a su tratamiento, mediante escrito dirigido a CL. MONTSERRAT, 15 &#8211; 08191 RUB\u00cd (Barcelona).  E-mail: despatx@mg-par.cat. \u200eEn caso de disconformidad con el tratamiento, tambi\u00e9n tiene derecho a presentar una reclamaci\u00f3n ante la Agencia Espa\u00f1ola de Protecci\u00f3n de Datos (\u200e<a href=\"http:\/\/www.aepd.es\">www.aepd.es<\/a>).<\/p>\n<h3><strong>\u200ePol\u00edtica de protecci\u00f3n de menores\u200e<\/strong><\/h3>\n<p>\u200eQuien facilita los datos a trav\u00e9s de los formularios de esta Web y acepta su tratamiento declara formalmente ser mayor de 14 a\u00f1os.\u200e<\/p>\n<p>\u200eQueda prohibido el acceso y el uso del sitio web a menores de 14 a\u00f1os de edad.\u200e<\/p>\n<p>El RESPONSABLE recuerda a las personas mayores de edad que tengan a su cargo a menores, que ser\u00e1 de su exclusiva responsabilidad si alg\u00fan menor incorpora sus datos para solicitar alg\u00fan producto o servicio.<\/p>\n<p>\u200eTambi\u00e9n les informa que existen programas inform\u00e1ticos para acotar la navegaci\u00f3n mediante el filtro o bloqueo a determinados contenidos.\u200e<\/p>\n<h3><strong>\u200eTratamiento derivado del uso de las redes sociales\u200e<\/strong><\/h3>\n<p>\u200eAl seguir nuestro perfil en las diferentes redes sociales que empleamos el usuario ha dado su consentimiento para el tratamiento de sus datos personales conforme a la pol\u00edtica de privacidad de la correspondiente red social.\u200e \u200eIgualmente, el usuario consiente expresamente el acceso y tratamiento de los datos contenidos en su perfil por parte del RESPONSABLE y que las noticias publicadas sobre los productos y servicios ofrecidos por el RESPONSABLE aparezcan en su muro.\u200e \u200eLa petici\u00f3n del usuario para conectar con el RESPONSABLE, implica necesariamente su consentimiento para los tratamientos se\u00f1alados, siendo \u00e9sta la base legal del tratamiento.\u200e \u200eLos datos se conservar\u00e1n mientras el interesado no solicite su oposici\u00f3n o retire su consentimiento, pudiendo hacerlo en cualquier momento.\u200e<\/p>\n<p>\u200eLos comentarios y contenidos publicados en las redes sociales se convertir\u00e1n en informaci\u00f3n p\u00fablica, por lo que los usuarios deber\u00e1n tener especial cautela cuando decidan compartir su informaci\u00f3n personal.\u200e \u200eEl RESPONSABLE no se hace responsable de la informaci\u00f3n que los usuarios incorporen a las redes sociales que gestiona.\u200e \u200eNo obstante, las personas, cuyos datos se encuentren publicados o incluidos en comentarios, podr\u00e1n solicitar al RESPONSABLE la cancelaci\u00f3n de las mismas.\u200e<\/p>\n<p>[\/vc_column_text][\/vc_column][\/vc_row][vc_row][vc_column][vc_column_text css=\u00bb\u00bb css_params=\u00bb\u00bb]<\/p>\n<h2><strong>\u200eAVISO LEGAL\u200e <\/strong><\/h2>\n<h3><strong>\u200eIdentificaci\u00f3n\u200e<\/strong><\/h3>\n<p>\u200eEn cumplimiento con el deber de informaci\u00f3n recogido en el art\u00edculo 10 de la Ley 34\/2002, de 11 de julio, de Servicios de la Sociedad de la Informaci\u00f3n y del Comercio Electr\u00f3nico, MG-PAR RUBI GESTIO S.L. (MG-PAR RUBI GESTIO), le informa que los datos aqu\u00ed consignados corresponden a la entidad titular del sitio web mg-par.cat.\u200e<\/p>\n<p><strong>Denominaci\u00f3n<\/strong>: MG-PAR RUBI GESTIO S.L.<\/p>\n<p><strong>Domicili<\/strong>: CL. MONTSERRAT, 15 08191 RUB\u00cd BARCELONA<\/p>\n<p><strong>Tel\u00e9fono<\/strong>: 9338135173<\/p>\n<p><strong>Mail<\/strong>: despatx@mg-par.cat<\/p>\n<p><strong>CIF<\/strong>: B65287724<\/p>\n<p><strong>\u200eInscripci\u00f3n registral\u200e<\/strong><\/p>\n<h3><strong>\u200ePropiedad intelectual e industrial<\/strong><\/h3>\n<p>\u200eTodos los derechos de Propiedad Industrial e Intelectual de la totalidad de elementos contenidos en este sitio web, incluidos los formatos, dise\u00f1os gr\u00e1ficos, textos, im\u00e1genes y documentos, pertenecen a MG-PAR RUBI GESTIO o a la persona f\u00edsica, jur\u00eddica, organismo o entidad que ostenta su titularidad y est\u00e1n protegidos por las Leyes espa\u00f1olas e internacionales sobre propiedad Intelectual e Industrial.\u200e \u200eSin embargo todas las marcas y nombres comerciales contenidas en este sitio web pertenecen a MG-PAR RUBI GESTIO, o a la persona f\u00edsica, jur\u00eddica, organismo o entidad que ostente la titularidad del signo distintivo y se encuentran igualmente protegidas por las leyes espa\u00f1olas e internacionales sobre propiedad Intelectual e Industrial.\u200e \u200eEst\u00e1 expresamente prohibida la reproducci\u00f3n total o parcial de este sitio Web y de cualquiera de sus contenidos sin contar con la autorizaci\u00f3n expresa y por escrito de MG-PAR RUBI GESTIO o del titular de las mismas.\u200e<\/p>\n<p>\u200eEl acceso al sitio web no implica ning\u00fan tipo de renuncia, transmisi\u00f3n, licencia o cesi\u00f3n de estos derechos por parte de MG-PAR RUBI GESTIO o de los titulares que ostenten los derechos de propiedad intelectual o industrial, salvo que se establezca lo contrario de forma expresa.\u200e<\/p>\n<h3><strong>\u200eCondiciones de uso\u200e<\/strong><\/h3>\n<p>\u200eEl acceso a este sitio Web implica la aceptaci\u00f3n sin reservas de estas condiciones de uso que regulan su acceso y utilizaci\u00f3n con la finalidad de poner a disposici\u00f3n de los usuarios informaci\u00f3n sobre nuestros productos y servicios.\u200e<\/p>\n<p>\u200eEst\u00e1 expresamente prohibido el uso de los contenidos de este sitio Web para fines comerciales o para su distribuci\u00f3n, transformaci\u00f3n o comunicaci\u00f3n.\u200e<\/p>\n<p>\u200eMG-PAR RUBI GESTIO, no responder\u00e1 de las posibles consecuencias, da\u00f1os o perjuicios que se puedan derivar de esta utilizaci\u00f3n o uso de la informaci\u00f3n.\u200e<\/p>\n<p>\u200eTanto el acceso a esta Web como el uso que se pueda hacer de la informaci\u00f3n contenida en la misma, es de la exclusiva responsabilidad de quien lo realiza.\u200e<\/p>\n<p>\u200eEl usuario se obliga a no utilizar la informaci\u00f3n publicada en esta Web con fines o efectos il\u00edcitos o lesivos, a no da\u00f1ar o inutilizar la informaci\u00f3n y a no realizar cualquier otra acci\u00f3n que pueda ser contraria al contenido de este Aviso Legal.\u200e<\/p>\n<p>\u200eMG-PAR RUBI GESTIO se reserva el derecho a modificar el contenido de la oferta comercial de sus productos y servicios cuando lo considere oportuno y a mantener su contenido actualizado.\u200e<\/p>\n<p>\u200eMG-PAR RUBI GESTIO no puede asegurar la inexistencia de interrupciones o errores en el acceso a este sitio Web, aunque har\u00e1 todos los esfuerzos posibles para evitarlos.\u200e<\/p>\n<h3><strong>\u200eEnlaces a otras webs\u200e<\/strong><\/h3>\n<p>Los enlaces (links) que pueda encontrar en este sitio Web son un servicio a los usuarios. Estas p\u00e1ginas no son gestionadas ni controladas por MG-PAR RUBI GESTIO, por este motivo, no se hace responsable de los contenidos de estos sitios Web ni \u00e9stos est\u00e1n regulados por el presente Aviso Legal. Si accede a estas p\u00e1ginas Web deber\u00e1 tener en cuenta que sus pol\u00edticas de privacidad pueden ser distintas a la nuestra.<\/p>\n<h3><strong>Legislaci\u00f3n aplicable y competencia jurisdiccional. <\/strong><\/h3>\n<p>El presente Aviso Legal se rige por la normativa espa\u00f1ola vigente que le es de aplicaci\u00f3n.<\/p>\n<p>Para la resoluci\u00f3n de las controversias que pudieran derivarse como consecuencia de lo dispuesto en las presentes disposiciones y sobre su interpretaci\u00f3n, aplicaci\u00f3n y cumplimiento, el usuario, en virtud de la aceptaci\u00f3n de las condiciones recogidas en este Aviso legal, renuncia expresamente a cualquier otro fuero que pudiera corresponderle.<\/p>\n<p>En cualquier caso, dentro de la jurisdicci\u00f3n espa\u00f1ola, si la legislaci\u00f3n permitiera someterse a un fuero en concreto, el usuario renuncia expresamente al fuero que pudiera corresponderle y se somete voluntariamente a la jurisdicci\u00f3n de los Juzgados y Tribunales de RUB\u00cd.<\/p>\n<p>[\/vc_column_text][\/vc_column][\/vc_row]<\/p>\n<\/div>","protected":false},"excerpt":{"rendered":"<p>[vc_row][vc_column][vc_custom_heading text=\u00bb\u200ePol\u00edtica de privacidad y Aviso Legal\u200e\u00bb font_container=\u00bbtag:h1|text_align:center|color:%230a0a0a\u00bb use_theme_fonts=\u00bbyes\u00bb el_class=\u00bbMLH_H1&#8243;][vc_column_text css=\u00bb\u00bb css_params=\u00bb\u00bb] \u200ePOL\u00cdTICA DE PRIVACIDAD\u200e \u200eEn cumplimiento del REGLAMENTO (UE) 2016\/679 DEL PARLAMENTO EUROPEO Y DEL CONSEJO de 27 de Abril de 2016, relativo a la protecci\u00f3n de las personas f\u00edsicas con respecto al tratamiento de datos personales y a la libre circulaci\u00f3n de estos [&hellip;]<\/p>\n","protected":false},"author":1,"featured_media":0,"parent":0,"menu_order":0,"comment_status":"closed","ping_status":"closed","template":"","meta":{"footnotes":""},"class_list":["post-1202","page","type-page","status-publish","hentry"],"yoast_head":"<!-- This site is optimized with the Yoast SEO plugin v27.2 - https:\/\/yoast.com\/product\/yoast-seo-wordpress\/ -->\n<title>\u200ePol\u00edtica de privacidad y Aviso Legal\u200e - MG-PAR Rub\u00ed Gesti\u00f3<\/title>\n<meta name=\"description\" content=\"\u200eOs informamos sobre qu\u00e9 datos recogemos, por qu\u00e9 los recogemos y c\u00f3mo los pod\u00e9is actualizar, gestionar, exportar y eliminar.\u200e\" \/>\n<meta name=\"robots\" content=\"index, follow, max-snippet:-1, max-image-preview:large, max-video-preview:-1\" \/>\n<link rel=\"canonical\" href=\"https:\/\/mg-par.cat\/es\/politica-privacidad\/\" \/>\n<meta property=\"og:locale\" content=\"es_ES\" \/>\n<meta property=\"og:type\" content=\"article\" \/>\n<meta property=\"og:title\" content=\"\u200ePol\u00edtica de privacidad y Aviso Legal\u200e - MG-PAR Rub\u00ed Gesti\u00f3\" \/>\n<meta property=\"og:description\" content=\"\u200eOs informamos sobre qu\u00e9 datos recogemos, por qu\u00e9 los recogemos y c\u00f3mo los pod\u00e9is actualizar, gestionar, exportar y eliminar.\u200e\" \/>\n<meta property=\"og:url\" content=\"https:\/\/mg-par.cat\/es\/politica-privacidad\/\" \/>\n<meta property=\"og:site_name\" content=\"MG-PAR Rub\u00ed Gesti\u00f3\" \/>\n<meta property=\"article:modified_time\" content=\"2026-02-27T13:16:01+00:00\" \/>\n<meta name=\"twitter:card\" content=\"summary_large_image\" \/>\n<meta name=\"twitter:label1\" content=\"Tiempo de lectura\" \/>\n\t<meta name=\"twitter:data1\" content=\"7 minutos\" \/>\n<script type=\"application\/ld+json\" class=\"yoast-schema-graph\">{\"@context\":\"https:\/\/schema.org\",\"@graph\":[{\"@type\":\"WebPage\",\"@id\":\"https:\/\/mg-par.cat\/es\/politica-privacidad\/\",\"url\":\"https:\/\/mg-par.cat\/es\/politica-privacidad\/\",\"name\":\"\u200ePol\u00edtica de privacidad y Aviso Legal\u200e - MG-PAR Rub\u00ed Gesti\u00f3\",\"isPartOf\":{\"@id\":\"https:\/\/mg-par.cat\/#website\"},\"datePublished\":\"2022-01-12T12:36:20+00:00\",\"dateModified\":\"2026-02-27T13:16:01+00:00\",\"description\":\"\u200eOs informamos sobre qu\u00e9 datos recogemos, por qu\u00e9 los recogemos y c\u00f3mo los pod\u00e9is actualizar, gestionar, exportar y eliminar.\u200e\",\"breadcrumb\":{\"@id\":\"https:\/\/mg-par.cat\/es\/politica-privacidad\/#breadcrumb\"},\"inLanguage\":\"es\",\"potentialAction\":[{\"@type\":\"ReadAction\",\"target\":[\"https:\/\/mg-par.cat\/es\/politica-privacidad\/\"]}]},{\"@type\":\"BreadcrumbList\",\"@id\":\"https:\/\/mg-par.cat\/es\/politica-privacidad\/#breadcrumb\",\"itemListElement\":[{\"@type\":\"ListItem\",\"position\":1,\"name\":\"Portada\",\"item\":\"https:\/\/mg-par.cat\/es\/\"},{\"@type\":\"ListItem\",\"position\":2,\"name\":\"\u200ePol\u00edtica de privacidad y Aviso Legal\u200e\"}]},{\"@type\":\"WebSite\",\"@id\":\"https:\/\/mg-par.cat\/#website\",\"url\":\"https:\/\/mg-par.cat\/\",\"name\":\"MG-PAR Rub\u00ed Gesti\u00f3\",\"description\":\"Assessoria a mida\",\"potentialAction\":[{\"@type\":\"SearchAction\",\"target\":{\"@type\":\"EntryPoint\",\"urlTemplate\":\"https:\/\/mg-par.cat\/?s={search_term_string}\"},\"query-input\":{\"@type\":\"PropertyValueSpecification\",\"valueRequired\":true,\"valueName\":\"search_term_string\"}}],\"inLanguage\":\"es\"}]}<\/script>\n<!-- \/ Yoast SEO plugin. -->","yoast_head_json":{"title":"\u200ePol\u00edtica de privacidad y Aviso Legal\u200e - MG-PAR Rub\u00ed Gesti\u00f3","description":"\u200eOs informamos sobre qu\u00e9 datos recogemos, por qu\u00e9 los recogemos y c\u00f3mo los pod\u00e9is actualizar, gestionar, exportar y eliminar.\u200e","robots":{"index":"index","follow":"follow","max-snippet":"max-snippet:-1","max-image-preview":"max-image-preview:large","max-video-preview":"max-video-preview:-1"},"canonical":"https:\/\/mg-par.cat\/es\/politica-privacidad\/","og_locale":"es_ES","og_type":"article","og_title":"\u200ePol\u00edtica de privacidad y Aviso Legal\u200e - MG-PAR Rub\u00ed Gesti\u00f3","og_description":"\u200eOs informamos sobre qu\u00e9 datos recogemos, por qu\u00e9 los recogemos y c\u00f3mo los pod\u00e9is actualizar, gestionar, exportar y eliminar.\u200e","og_url":"https:\/\/mg-par.cat\/es\/politica-privacidad\/","og_site_name":"MG-PAR Rub\u00ed Gesti\u00f3","article_modified_time":"2026-02-27T13:16:01+00:00","twitter_card":"summary_large_image","twitter_misc":{"Tiempo de lectura":"7 minutos"},"schema":{"@context":"https:\/\/schema.org","@graph":[{"@type":"WebPage","@id":"https:\/\/mg-par.cat\/es\/politica-privacidad\/","url":"https:\/\/mg-par.cat\/es\/politica-privacidad\/","name":"\u200ePol\u00edtica de privacidad y Aviso Legal\u200e - MG-PAR Rub\u00ed Gesti\u00f3","isPartOf":{"@id":"https:\/\/mg-par.cat\/#website"},"datePublished":"2022-01-12T12:36:20+00:00","dateModified":"2026-02-27T13:16:01+00:00","description":"\u200eOs informamos sobre qu\u00e9 datos recogemos, por qu\u00e9 los recogemos y c\u00f3mo los pod\u00e9is actualizar, gestionar, exportar y eliminar.\u200e","breadcrumb":{"@id":"https:\/\/mg-par.cat\/es\/politica-privacidad\/#breadcrumb"},"inLanguage":"es","potentialAction":[{"@type":"ReadAction","target":["https:\/\/mg-par.cat\/es\/politica-privacidad\/"]}]},{"@type":"BreadcrumbList","@id":"https:\/\/mg-par.cat\/es\/politica-privacidad\/#breadcrumb","itemListElement":[{"@type":"ListItem","position":1,"name":"Portada","item":"https:\/\/mg-par.cat\/es\/"},{"@type":"ListItem","position":2,"name":"\u200ePol\u00edtica de privacidad y Aviso Legal\u200e"}]},{"@type":"WebSite","@id":"https:\/\/mg-par.cat\/#website","url":"https:\/\/mg-par.cat\/","name":"MG-PAR Rub\u00ed Gesti\u00f3","description":"Assessoria a mida","potentialAction":[{"@type":"SearchAction","target":{"@type":"EntryPoint","urlTemplate":"https:\/\/mg-par.cat\/?s={search_term_string}"},"query-input":{"@type":"PropertyValueSpecification","valueRequired":true,"valueName":"search_term_string"}}],"inLanguage":"es"}]}},"_links":{"self":[{"href":"https:\/\/mg-par.cat\/es\/wp-json\/wp\/v2\/pages\/1202","targetHints":{"allow":["GET"]}}],"collection":[{"href":"https:\/\/mg-par.cat\/es\/wp-json\/wp\/v2\/pages"}],"about":[{"href":"https:\/\/mg-par.cat\/es\/wp-json\/wp\/v2\/types\/page"}],"author":[{"embeddable":true,"href":"https:\/\/mg-par.cat\/es\/wp-json\/wp\/v2\/users\/1"}],"replies":[{"embeddable":true,"href":"https:\/\/mg-par.cat\/es\/wp-json\/wp\/v2\/comments?post=1202"}],"version-history":[{"count":2,"href":"https:\/\/mg-par.cat\/es\/wp-json\/wp\/v2\/pages\/1202\/revisions"}],"predecessor-version":[{"id":2029,"href":"https:\/\/mg-par.cat\/es\/wp-json\/wp\/v2\/pages\/1202\/revisions\/2029"}],"wp:attachment":[{"href":"https:\/\/mg-par.cat\/es\/wp-json\/wp\/v2\/media?parent=1202"}],"curies":[{"name":"wp","href":"https:\/\/api.w.org\/{rel}","templated":true}]}}